{"id":26,"date":"2025-08-12T06:02:28","date_gmt":"2025-08-12T06:02:28","guid":{"rendered":"https:\/\/arteleonpublicidad.com.co\/?page_id=26"},"modified":"2025-11-10T19:46:56","modified_gmt":"2025-11-10T19:46:56","slug":"contactenos","status":"publish","type":"page","link":"https:\/\/arteleonpublicidad.com.co\/index.php\/contactenos\/","title":{"rendered":"Contactenos"},"content":{"rendered":"<style>.elementor-26 .elementor-element.elementor-element-c3e5262{--display:flex;--flex-direction:row;--container-widget-width:initial;--container-widget-height:100%;--container-widget-flex-grow:1;--container-widget-align-self:stretch;--flex-wrap-mobile:wrap;--gap:0px 0px;--row-gap:0px;--column-gap:0px;--margin-top:75px;--margin-bottom:70px;--margin-left:0px;--margin-right:0px;}.elementor-26 .elementor-element.elementor-element-6d80e92{--display:flex;--flex-direction:column;--container-widget-width:100%;--container-widget-height:initial;--container-widget-flex-grow:0;--container-widget-align-self:initial;--flex-wrap-mobile:wrap;}.elementor-26 .elementor-element.elementor-element-31864ae{margin:12px 12px calc(var(--kit-widget-spacing, 0px) + 12px) 12px;padding:26px 26px 26px 26px;--icon-box-icon-margin:15px;}.elementor-26 .elementor-element.elementor-element-31864ae.elementor-view-stacked .elementor-icon{background-color:#FF0000;}.elementor-26 .elementor-element.elementor-element-31864ae.elementor-view-framed .elementor-icon, .elementor-26 .elementor-element.elementor-element-31864ae.elementor-view-default .elementor-icon{fill:#FF0000;color:#FF0000;border-color:#FF0000;}.elementor-26 .elementor-element.elementor-element-26c8e91{--display:flex;--flex-direction:column;--container-widget-width:100%;--container-widget-height:initial;--container-widget-flex-grow:0;--container-widget-align-self:initial;--flex-wrap-mobile:wrap;}.elementor-26 .elementor-element.elementor-element-cdd75eb{margin:12px 12px calc(var(--kit-widget-spacing, 0px) + 12px) 12px;padding:26px 26px 26px 26px;--icon-box-icon-margin:15px;}.elementor-26 .elementor-element.elementor-element-cdd75eb.elementor-view-stacked .elementor-icon{background-color:#FF0000;}.elementor-26 .elementor-element.elementor-element-cdd75eb.elementor-view-framed .elementor-icon, .elementor-26 .elementor-element.elementor-element-cdd75eb.elementor-view-default .elementor-icon{fill:#FF0000;color:#FF0000;border-color:#FF0000;}.elementor-26 .elementor-element.elementor-element-cdd75eb .elementor-icon-box-title, .elementor-26 .elementor-element.elementor-element-cdd75eb .elementor-icon-box-title a{font-size:26px;}.elementor-26 .elementor-element.elementor-element-3ee894c1{--display:flex;--flex-direction:row;--container-widget-width:calc( ( 1 - var( --container-widget-flex-grow ) ) * 100% );--container-widget-height:100%;--container-widget-flex-grow:1;--container-widget-align-self:stretch;--flex-wrap-mobile:wrap;--align-items:stretch;--gap:0px 0px;--row-gap:0px;--column-gap:0px;--overlay-opacity:1;--padding-top:150px;--padding-bottom:150px;--padding-left:0px;--padding-right:0px;}.elementor-26 .elementor-element.elementor-element-3ee894c1:not(.elementor-motion-effects-element-type-background), .elementor-26 .elementor-element.elementor-element-3ee894c1 > .elementor-motion-effects-container > .elementor-motion-effects-layer{background-image:url(\"https:\/\/arteleonpublicidad.com.co\/wp-content\/uploads\/2025\/11\/Captura-de-pantalla-valla-3.png\");background-position:center center;background-size:cover;}.elementor-26 .elementor-element.elementor-element-3ee894c1::before, .elementor-26 .elementor-element.elementor-element-3ee894c1 > .elementor-background-video-container::before, .elementor-26 .elementor-element.elementor-element-3ee894c1 > .e-con-inner > .elementor-background-video-container::before, .elementor-26 .elementor-element.elementor-element-3ee894c1 > .elementor-background-slideshow::before, .elementor-26 .elementor-element.elementor-element-3ee894c1 > .e-con-inner > .elementor-background-slideshow::before, .elementor-26 .elementor-element.elementor-element-3ee894c1 > .elementor-motion-effects-container > .elementor-motion-effects-layer::before{background-color:#FFFFFFE6;--background-overlay:'';}.elementor-26 .elementor-element.elementor-element-49688531{--display:flex;--gap:15px 15px;--row-gap:15px;--column-gap:15px;--margin-top:0px;--margin-bottom:0px;--margin-left:0px;--margin-right:0px;}.elementor-26 .elementor-element.elementor-element-6878734b{text-align:center;}.elementor-26 .elementor-element.elementor-element-6878734b .elementor-heading-title{font-size:48px;color:#FF0000;}.elementor-26 .elementor-element.elementor-element-24ce271f{text-align:center;}.elementor-26 .elementor-element.elementor-element-24ce271f .elementor-heading-title{font-family:\"Roboto Slab\", Sans-serif;font-weight:400;text-transform:capitalize;}.elementor-26 .elementor-element.elementor-element-49783c3e .jeg-elementor-kit.jkit-button .jkit-button-wrapper{background-color:transparent;width:100%;padding:18px 35px 18px 35px;text-transform:uppercase;background-image:linear-gradient(180deg, #FF0505 0%, #000000 100%);border-style:solid;border-width:1px 1px 1px 1px;border-radius:0px 0px 0px 0px;}.elementor-26 .elementor-element.elementor-element-49783c3e .jeg-elementor-kit.jkit-button .jkit-button-wrapper:not(.hover-gradient):hover, .elementor-26 .elementor-element.elementor-element-49783c3e .jeg-elementor-kit.jkit-button .jkit-button-wrapper.hover-gradient:before{background-color:transparent;background-image:linear-gradient(180deg, #FFFFFF 0%, #f2295b 100%);}.elementor-26 .elementor-element.elementor-element-49783c3e{width:auto;max-width:auto;margin:20px 0px calc(var(--kit-widget-spacing, 0px) + 0px) 0px;align-self:center;}.elementor-26 .elementor-element.elementor-element-49783c3e .jeg-elementor-kit.jkit-button{text-align:center;}.elementor-26 .elementor-element.elementor-element-49783c3e .jeg-elementor-kit.jkit-button .jkit-button-wrapper:hover{color:var( --e-global-color-primary );border-style:solid;border-width:1px 1px 1px 1px;}.elementor-26 .elementor-element.elementor-element-49783c3e .jeg-elementor-kit.jkit-button .jkit-button-wrapper:hover svg{fill:var( --e-global-color-primary );}.elementor-26 .elementor-element.elementor-element-49783c3e .jeg-elementor-kit.jkit-button .jkit-button-wrapper i{font-size:16px;}.elementor-26 .elementor-element.elementor-element-49783c3e .jeg-elementor-kit.jkit-button .jkit-button-wrapper svg{width:16px;}.elementor-26 .elementor-element.elementor-element-49783c3e .jeg-elementor-kit.jkit-button.icon-position-before .jkit-button-wrapper i, .elementor-26 .elementor-element.elementor-element-49783c3e .jeg-elementor-kit.jkit-button.icon-position-before .jkit-button-wrapper svg{margin-right:14px;}.elementor-26 .elementor-element.elementor-element-49783c3e .jeg-elementor-kit.jkit-button.icon-position-after .jkit-button-wrapper i, .elementor-26 .elementor-element.elementor-element-49783c3e .jeg-elementor-kit.jkit-button.icon-position-after .jkit-button-wrapper svg{margin-left:14px;}body.elementor-page-26:not(.elementor-motion-effects-element-type-background), body.elementor-page-26 > .elementor-motion-effects-container > .elementor-motion-effects-layer{background-image:url(\"https:\/\/arteleonpublicidad.com.co\/wp-content\/uploads\/2025\/10\/abstract-geometric-white-and-gray-on-light-silver-gradient-background-modern-banner-design-illustration-free-vector.jpg\");}:root{--page-title-display:none;}@media(min-width:768px){.elementor-26 .elementor-element.elementor-element-6d80e92{--width:50%;}.elementor-26 .elementor-element.elementor-element-26c8e91{--width:50%;}.elementor-26 .elementor-element.elementor-element-3ee894c1{--content-width:900px;}}@media(min-width:1025px){.elementor-26 .elementor-element.elementor-element-3ee894c1:not(.elementor-motion-effects-element-type-background), .elementor-26 .elementor-element.elementor-element-3ee894c1 > .elementor-motion-effects-container > .elementor-motion-effects-layer{background-attachment:fixed;}}@media(max-width:1024px){.elementor-26 .elementor-element.elementor-element-3ee894c1{--padding-top:80px;--padding-bottom:80px;--padding-left:10px;--padding-right:10px;}.elementor-26 .elementor-element.elementor-element-49688531{--margin-top:0px;--margin-bottom:0px;--margin-left:10px;--margin-right:10px;}.elementor-26 .elementor-element.elementor-element-24ce271f{text-align:center;}}@media(max-width:767px){.elementor-26 .elementor-element.elementor-element-3ee894c1{--padding-top:50px;--padding-bottom:50px;--padding-left:5px;--padding-right:5px;}.elementor-26 .elementor-element.elementor-element-24ce271f{text-align:center;}.elementor-26 .elementor-element.elementor-element-49783c3e{margin:0px 0px calc(var(--kit-widget-spacing, 0px) + 0px) 0px;}.elementor-26 .elementor-element.elementor-element-49783c3e .jeg-elementor-kit.jkit-button{text-align:left;}}<\/style>\t\t<div data-elementor-type=\"wp-page\" data-elementor-id=\"26\" class=\"elementor elementor-26\" data-elementor-post-type=\"page\">\n\t\t\t\t<div class=\"elementor-element elementor-element-c3e5262 e-flex e-con-boxed e-con e-parent\" data-id=\"c3e5262\" data-element_type=\"container\">\n\t\t\t\t\t<div class=\"e-con-inner\">\n\t\t<div class=\"elementor-element elementor-element-6d80e92 e-con-full e-flex e-con e-child\" data-id=\"6d80e92\" data-element_type=\"container\">\n\t\t\t\t<div class=\"elementor-element elementor-element-31864ae elementor-view-default elementor-position-top elementor-mobile-position-top elementor-widget elementor-widget-icon-box\" data-id=\"31864ae\" data-element_type=\"widget\" data-widget_type=\"icon-box.default\">\n\t\t\t\t\t\t\t<div class=\"elementor-icon-box-wrapper\">\n\n\t\t\t\t\t\t<div class=\"elementor-icon-box-icon\">\n\t\t\t\t<span  class=\"elementor-icon\">\n\t\t\t\t<svg aria-hidden=\"true\" class=\"e-font-icon-svg e-fas-phone-square-alt\" viewBox=\"0 0 448 512\" xmlns=\"http:\/\/www.w3.org\/2000\/svg\"><path d=\"M400 32H48A48 48 0 0 0 0 80v352a48 48 0 0 0 48 48h352a48 48 0 0 0 48-48V80a48 48 0 0 0-48-48zm-16.39 307.37l-15 65A15 15 0 0 1 354 416C194 416 64 286.29 64 126a15.7 15.7 0 0 1 11.63-14.61l65-15A18.23 18.23 0 0 1 144 96a16.27 16.27 0 0 1 13.79 9.09l30 70A17.9 17.9 0 0 1 189 181a17 17 0 0 1-5.5 11.61l-37.89 31a231.91 231.91 0 0 0 110.78 110.78l31-37.89A17 17 0 0 1 299 291a17.85 17.85 0 0 1 5.91 1.21l70 30A16.25 16.25 0 0 1 384 336a17.41 17.41 0 0 1-.39 3.37z\"><\/path><\/svg>\t\t\t\t<\/span>\n\t\t\t<\/div>\n\t\t\t\n\t\t\t\t\t\t<div class=\"elementor-icon-box-content\">\n\n\t\t\t\t\t\t\t\t\t<h3 class=\"elementor-icon-box-title\">\n\t\t\t\t\t\t<span  >\n\t\t\t\t\t\t\t312 294 47 59\t\t\t\t\t\t<\/span>\n\t\t\t\t\t<\/h3>\n\t\t\t\t\n\t\t\t\t\t\t\t\t\t<p class=\"elementor-icon-box-description\">\n\t\t\t\t\t\t\u00a1Cont\u00e1ctanos hoy! Estamos listos para ayudarte. Llama ahora y recibe atenci\u00f3n personalizada y r\u00e1pida.\t\t\t\t\t<\/p>\n\t\t\t\t\n\t\t\t<\/div>\n\t\t\t\n\t\t<\/div>\n\t\t\t\t\t\t<\/div>\n\t\t\t\t<\/div>\n\t\t<div class=\"elementor-element elementor-element-26c8e91 e-con-full e-flex e-con e-child\" data-id=\"26c8e91\" data-element_type=\"container\">\n\t\t\t\t<div class=\"elementor-element elementor-element-cdd75eb elementor-view-default elementor-position-top elementor-mobile-position-top elementor-widget elementor-widget-icon-box\" data-id=\"cdd75eb\" data-element_type=\"widget\" data-widget_type=\"icon-box.default\">\n\t\t\t\t\t\t\t<div class=\"elementor-icon-box-wrapper\">\n\n\t\t\t\t\t\t<div class=\"elementor-icon-box-icon\">\n\t\t\t\t<span  class=\"elementor-icon\">\n\t\t\t\t<i aria-hidden=\"true\" class=\"jki jki-send-line\"><\/i>\t\t\t\t<\/span>\n\t\t\t<\/div>\n\t\t\t\n\t\t\t\t\t\t<div class=\"elementor-icon-box-content\">\n\n\t\t\t\t\t\t\t\t\t<h3 class=\"elementor-icon-box-title\">\n\t\t\t\t\t\t<span  >\n\t\t\t\t\t\t\tarteleon44publicidad@gmail.com\t\t\t\t\t\t<\/span>\n\t\t\t\t\t<\/h3>\n\t\t\t\t\n\t\t\t\t\t\t\t\t\t<p class=\"elementor-icon-box-description\">\n\t\t\t\t\t\t\u00bfTienes dudas o consultas? Escr\u00edbenos al correo y te responderemos lo antes posible. \u00a1Cont\u00e1ctanos!\n\t\t\t\t\t<\/p>\n\t\t\t\t\n\t\t\t<\/div>\n\t\t\t\n\t\t<\/div>\n\t\t\t\t\t\t<\/div>\n\t\t\t\t<\/div>\n\t\t\t\t\t<\/div>\n\t\t\t\t<\/div>\n\t\t<div class=\"elementor-element elementor-element-3ee894c1 e-flex e-con-boxed e-con e-parent\" data-id=\"3ee894c1\" data-element_type=\"container\" data-settings=\"{&quot;background_background&quot;:&quot;classic&quot;}\">\n\t\t\t\t\t<div class=\"e-con-inner\">\n\t\t<div class=\"elementor-element elementor-element-49688531 e-con-full e-flex e-con e-child\" data-id=\"49688531\" data-element_type=\"container\">\n\t\t\t\t<div class=\"elementor-element elementor-element-6878734b elementor-widget elementor-widget-heading\" data-id=\"6878734b\" data-element_type=\"widget\" data-widget_type=\"heading.default\">\n\t\t\t\t\t<h2 class=\"elementor-heading-title elementor-size-default\">Imprime, Destaca Y Vende M\u00e1s.<\/h2>\t\t\t\t<\/div>\n\t\t\t\t<div class=\"elementor-element elementor-element-24ce271f elementor-widget elementor-widget-heading\" data-id=\"24ce271f\" data-element_type=\"widget\" data-widget_type=\"heading.default\">\n\t\t\t\t\t<h3 class=\"elementor-heading-title elementor-size-default\">\u00a1Somos tu aliado en publicidad!<\/h3>\t\t\t\t<\/div>\n\t\t\t\t<div class=\"elementor-element elementor-element-49783c3e elementor-widget__width-auto elementor-widget elementor-widget-jkit_button\" data-id=\"49783c3e\" data-element_type=\"widget\" data-widget_type=\"jkit_button.default\">\n\t\t\t\t\t<div  class=\"jeg-elementor-kit jkit-button  icon-position-after jeg_module___69e0c274c6e90\" ><a href=\"\" class=\"jkit-button-wrapper hover-gradient\"><span>CONTACTAR AHORA <\/span><\/a><\/div>\t\t\t\t<\/div>\n\t\t\t\t<\/div>\n\t\t\t\t\t<\/div>\n\t\t\t\t<\/div>\n\t\t\t\t<\/div>\n\t\t","protected":false},"excerpt":{"rendered":"<p>312 294 47 59 \u00a1Cont\u00e1ctanos hoy! Estamos listos para ayudarte. Llama ahora y recibe atenci\u00f3n personalizada y r\u00e1pida. arteleon44publicidad@gmail.com \u00bfTienes [&hellip;]<\/p>\n","protected":false},"author":1,"featured_media":0,"parent":0,"menu_order":0,"comment_status":"closed","ping_status":"closed","template":"","meta":{"site-sidebar-layout":"no-sidebar","site-content-layout":"","ast-site-content-layout":"full-width-container","site-content-style":"default","site-sidebar-style":"default","ast-global-header-display":"","ast-banner-title-visibility":"","ast-main-header-display":"","ast-hfb-above-header-display":"","ast-hfb-below-header-display":"","ast-hfb-mobile-header-display":"","site-post-title":"disabled","ast-breadcrumbs-content":"","ast-featured-img":"disabled","footer-sml-layout":"","theme-transparent-header-meta":"default","adv-header-id-meta":"","stick-header-meta":"","header-above-stick-meta":"","header-main-stick-meta":"","header-below-stick-meta":"","astra-migrate-meta-layouts":"set","ast-page-background-enabled":"default","ast-page-background-meta":{"desktop":{"background-color":"var(--ast-global-color-5)","background-image":"","background-repeat":"repeat","background-position":"center center","background-size":"auto","background-attachment":"scroll","background-type":"","background-media":"","overlay-type":"","overlay-color":"","overlay-opacity":"","overlay-gradient":""},"tablet":{"background-color":"","background-image":"","background-repeat":"repeat","background-position":"center center","background-size":"auto","background-attachment":"scroll","background-type":"","background-media":"","overlay-type":"","overlay-color":"","overlay-opacity":"","overlay-gradient":""},"mobile":{"background-color":"","background-image":"","background-repeat":"repeat","background-position":"center center","background-size":"auto","background-attachment":"scroll","background-type":"","background-media":"","overlay-type":"","overlay-color":"","overlay-opacity":"","overlay-gradient":""}},"ast-content-background-meta":{"desktop":{"background-color":"var(--ast-global-color-4)","background-image":"","background-repeat":"repeat","background-position":"center center","background-size":"auto","background-attachment":"scroll","background-type":"","background-media":"","overlay-type":"","overlay-color":"","overlay-opacity":"","overlay-gradient":""},"tablet":{"background-color":"var(--ast-global-color-4)","background-image":"","background-repeat":"repeat","background-position":"center center","background-size":"auto","background-attachment":"scroll","background-type":"","background-media":"","overlay-type":"","overlay-color":"","overlay-opacity":"","overlay-gradient":""},"mobile":{"background-color":"var(--ast-global-color-4)","background-image":"","background-repeat":"repeat","background-position":"center center","background-size":"auto","background-attachment":"scroll","background-type":"","background-media":"","overlay-type":"","overlay-color":"","overlay-opacity":"","overlay-gradient":""}},"_joinchat":[],"footnotes":""},"class_list":["post-26","page","type-page","status-publish","hentry"],"_links":{"self":[{"href":"https:\/\/arteleonpublicidad.com.co\/index.php\/wp-json\/wp\/v2\/pages\/26","targetHints":{"allow":["GET"]}}],"collection":[{"href":"https:\/\/arteleonpublicidad.com.co\/index.php\/wp-json\/wp\/v2\/pages"}],"about":[{"href":"https:\/\/arteleonpublicidad.com.co\/index.php\/wp-json\/wp\/v2\/types\/page"}],"author":[{"embeddable":true,"href":"https:\/\/arteleonpublicidad.com.co\/index.php\/wp-json\/wp\/v2\/users\/1"}],"replies":[{"embeddable":true,"href":"https:\/\/arteleonpublicidad.com.co\/index.php\/wp-json\/wp\/v2\/comments?post=26"}],"version-history":[{"count":25,"href":"https:\/\/arteleonpublicidad.com.co\/index.php\/wp-json\/wp\/v2\/pages\/26\/revisions"}],"predecessor-version":[{"id":604,"href":"https:\/\/arteleonpublicidad.com.co\/index.php\/wp-json\/wp\/v2\/pages\/26\/revisions\/604"}],"wp:attachment":[{"href":"https:\/\/arteleonpublicidad.com.co\/index.php\/wp-json\/wp\/v2\/media?parent=26"}],"curies":[{"name":"wp","href":"https:\/\/api.w.org\/{rel}","templated":true}]}}